{"id":31,"date":"2021-11-05T19:54:53","date_gmt":"2021-11-05T19:54:53","guid":{"rendered":"https:\/\/olimpiada.mat.uson.mx\/web\/?page_id=31"},"modified":"2025-11-16T19:02:19","modified_gmt":"2025-11-17T02:02:19","slug":"grupo_de_asesores","status":"publish","type":"page","link":"https:\/\/olimpiada.mat.uson.mx\/web\/?page_id=31","title":{"rendered":"Grupo de Asesores"},"content":{"rendered":"<p>Profesores del Departamento de Matem\u00e1ticas<\/p>\n<ul>\n<li>\n<h3>Misael Avenda\u00f1o Camacho<\/h3>\n<\/li>\n<li>\n<h3>Genaro Hern\u00e1ndez Mada<\/h3>\n<\/li>\n<li>\n<h3>Carmen Geraldi Higuera Chan<\/h3>\n<\/li>\n<li>\n<h3>Gonzalo Hisaki Moreno Hirata<\/h3>\n<\/li>\n<li>\n<h3>Jos\u00e9 Luis Soto Mungu\u00eda<\/h3>\n<\/li>\n<li>\n<h3>Eduardo Velasco Barreras<\/h3>\n<\/li>\n<\/ul>\n<p>Estudiante de Posgrado en Ciencias Matem\u00e1ticas<\/p>\n<ul>\n<li>\n<h3>Eddel El\u00ed Ojeda Aviles<\/h3>\n<\/li>\n<\/ul>\n<p>Estudiantes de la Licenciatura en Matem\u00e1ticas<\/p>\n<ul>\n<li>\n<h3>Sandra Gabriela Garc\u00eda Barraza<\/h3>\n<\/li>\n<li>\n<h3>Jes\u00fas Emmanuel Molina Ortiz<\/h3>\n<\/li>\n<li>\n<h3>Aldo Ram\u00edrez Santoyo<\/h3>\n<\/li>\n<\/ul>\n<p><em><strong>\u00bfTe interesa formar parte del grupo de asesores o quisieras hacer tu servicio social? Cont\u00e1ctanos!<\/strong><\/em><\/p>\n","protected":false},"excerpt":{"rendered":"Profesores del Departamento de Matem\u00e1ticas Misael Avenda\u00f1o Camacho Genaro Hern\u00e1ndez Mada Carmen Geraldi Higuera Chan Gonzalo Hisaki Moreno Hirata Jos\u00e9 Luis Soto Mungu\u00eda \n<a class=\"moretag\" href=\"https:\/\/olimpiada.mat.uson.mx\/web\/?page_id=31\"> [...]<\/a>","protected":false},"author":3,"featured_media":0,"parent":0,"menu_order":0,"comment_status":"closed","ping_status":"closed","template":"","meta":{"footnotes":"","_links_to":"","_links_to_target":""},"_links":{"self":[{"href":"https:\/\/olimpiada.mat.uson.mx\/web\/index.php?rest_route=\/wp\/v2\/pages\/31"}],"collection":[{"href":"https:\/\/olimpiada.mat.uson.mx\/web\/index.php?rest_route=\/wp\/v2\/pages"}],"about":[{"href":"https:\/\/olimpiada.mat.uson.mx\/web\/index.php?rest_route=\/wp\/v2\/types\/page"}],"author":[{"embeddable":true,"href":"https:\/\/olimpiada.mat.uson.mx\/web\/index.php?rest_route=\/wp\/v2\/users\/3"}],"replies":[{"embeddable":true,"href":"https:\/\/olimpiada.mat.uson.mx\/web\/index.php?rest_route=%2Fwp%2Fv2%2Fcomments&post=31"}],"version-history":[{"count":4,"href":"https:\/\/olimpiada.mat.uson.mx\/web\/index.php?rest_route=\/wp\/v2\/pages\/31\/revisions"}],"predecessor-version":[{"id":605,"href":"https:\/\/olimpiada.mat.uson.mx\/web\/index.php?rest_route=\/wp\/v2\/pages\/31\/revisions\/605"}],"wp:attachment":[{"href":"https:\/\/olimpiada.mat.uson.mx\/web\/index.php?rest_route=%2Fwp%2Fv2%2Fmedia&parent=31"}],"curies":[{"name":"wp","href":"https:\/\/api.w.org\/{rel}","templated":true}]}}