{"id":264,"date":"2023-06-08T14:04:33","date_gmt":"2023-06-08T21:04:33","guid":{"rendered":"https:\/\/olimpiada.mat.uson.mx\/web\/?page_id=264"},"modified":"2023-06-08T14:25:06","modified_gmt":"2023-06-08T21:25:06","slug":"descripcion","status":"publish","type":"page","link":"https:\/\/olimpiada.mat.uson.mx\/web\/?page_id=264","title":{"rendered":"Descripci\u00f3n"},"content":{"rendered":"<h3>La Olimpiada Estatal de Matem\u00e1ticas es un concurso convocado por el Departamento de Matem\u00e1ticas de la Universidad de Sonora y Organizado por acad\u00e9micos y estudiantes adscritos a este Departamento.<\/h3>\n<h3>El concurso est\u00e1 dirigido a estudiantes que cursan la secundaria y hasta el cuarto semestre de preparatoria en alguna instituci\u00f3n educativa del Estado de Sonora y se lleva a cabo en dos niveles:<\/h3>\n<h3>Nivel 1: estudiantes inscritos en el nivel b\u00e1sico.<\/h3>\n<h3>Nivel 2: estudiantes inscritos en nivel medio superior y a lo m\u00e1s se encuentre cursando el cuarto semestre.<\/h3>\n<p>Se lleva a cabo un proceso selectivo y eliminatorio a trav\u00e9s de diversas etapas con el prop\u00f3sito principal de esta olimpiada es conformar una delegaci\u00f3n de seis estudiantes que representen al Estado de Sonora en el Concurso Nacional, que se organiza cada a\u00f1o durante el mes de noviembre.<\/p>\n<p>Los concursantes m\u00e1s destacados en la Olimpiada Mexicana de Matem\u00e1ticas son invitados a entrenamientos para conformar las delegaciones nacionales que representen a M\u00e9xico en la Olimpiada Internacional de Matem\u00e1ticas y la Olimpiada Iberoamericana.<\/p>\n","protected":false},"excerpt":{"rendered":"La Olimpiada Estatal de Matem\u00e1ticas es un concurso convocado por el Departamento de Matem\u00e1ticas de la Universidad de Sonora y Organizado por acad\u00e9micos \n<a class=\"moretag\" href=\"https:\/\/olimpiada.mat.uson.mx\/web\/?page_id=264\"> [...]<\/a>","protected":false},"author":3,"featured_media":0,"parent":0,"menu_order":0,"comment_status":"closed","ping_status":"closed","template":"","meta":{"footnotes":"","_links_to":"","_links_to_target":""},"_links":{"self":[{"href":"https:\/\/olimpiada.mat.uson.mx\/web\/index.php?rest_route=\/wp\/v2\/pages\/264"}],"collection":[{"href":"https:\/\/olimpiada.mat.uson.mx\/web\/index.php?rest_route=\/wp\/v2\/pages"}],"about":[{"href":"https:\/\/olimpiada.mat.uson.mx\/web\/index.php?rest_route=\/wp\/v2\/types\/page"}],"author":[{"embeddable":true,"href":"https:\/\/olimpiada.mat.uson.mx\/web\/index.php?rest_route=\/wp\/v2\/users\/3"}],"replies":[{"embeddable":true,"href":"https:\/\/olimpiada.mat.uson.mx\/web\/index.php?rest_route=%2Fwp%2Fv2%2Fcomments&post=264"}],"version-history":[{"count":3,"href":"https:\/\/olimpiada.mat.uson.mx\/web\/index.php?rest_route=\/wp\/v2\/pages\/264\/revisions"}],"predecessor-version":[{"id":283,"href":"https:\/\/olimpiada.mat.uson.mx\/web\/index.php?rest_route=\/wp\/v2\/pages\/264\/revisions\/283"}],"wp:attachment":[{"href":"https:\/\/olimpiada.mat.uson.mx\/web\/index.php?rest_route=%2Fwp%2Fv2%2Fmedia&parent=264"}],"curies":[{"name":"wp","href":"https:\/\/api.w.org\/{rel}","templated":true}]}}