{"id":258,"date":"2023-06-08T13:57:18","date_gmt":"2023-06-08T20:57:18","guid":{"rendered":"https:\/\/olimpiada.mat.uson.mx\/web\/?page_id=258"},"modified":"2023-06-08T14:23:33","modified_gmt":"2023-06-08T21:23:33","slug":"oem-femenil","status":"publish","type":"page","link":"https:\/\/olimpiada.mat.uson.mx\/web\/?page_id=258","title":{"rendered":"Descripci\u00f3n"},"content":{"rendered":"<h3>Este concurso es un esfuerzo del Departamento de Matem\u00e1ticas en conjunto y coordinaci\u00f3n con el comit\u00e9 nacional para que ayude al balance de g\u00e9nero dentro de la Olimpiada Mexicana de Matem\u00e1ticas (OMM). Su objetivo es propiciar la participaci\u00f3n de m\u00e1s ni\u00f1as y j\u00f3venes en las matem\u00e1ticas, creando mayores oportunidades para que puedan desarrollar sus habilidades matem\u00e1ticas en un ambiente de colaboraci\u00f3n y confianza.<\/h3>\n<h3>Podr\u00e1n participar en la edici\u00f3n correspondiente todas las estudiantes mujeres inscritas en secundaria o preparatoria del estado de Sonora, no sobrepasen el cuarto semestre.<\/h3>\n<p>El concurso se lleva a cabo de dos categor\u00edas:<\/p>\n<ul>\n<li>\n<h3>Nivel 1. Estar inscrita a lo m\u00e1s en primer a\u00f1o de bachillerato al momento del concurso y no haber cumplido 18 a\u00f1os al 1 de agosto del a\u00f1o en curso.<\/h3>\n<\/li>\n<li>\n<h3>Nivel 2. Estar inscrita a lo m\u00e1s en tercer a\u00f1o de bachillerato al momento del concurso y no haber cumplido 20 a\u00f1os al 1 de agosto del a\u00f1o en curso.<\/h3>\n<\/li>\n<\/ul>\n<p>y consta de 3 fases:<\/p>\n<ul>\n<li>\n<h3>1ra fase: Fase estatal.<\/h3>\n<\/li>\n<li>\n<h3>2da fase: Concurso Femenil Nacional.<\/h3>\n<\/li>\n<li>\n<h3>3ra fase: Entrenamiento y selecci\u00f3n de la Delegaci\u00f3n Mexicana que podr\u00e1 representar a M\u00e9xico en la Olimpiada Femenil Panamericana.<\/h3>\n<\/li>\n<\/ul>\n","protected":false},"excerpt":{"rendered":"Este concurso es un esfuerzo del Departamento de Matem\u00e1ticas en conjunto y coordinaci\u00f3n con el comit\u00e9 nacional para que ayude al balance de \n<a class=\"moretag\" href=\"https:\/\/olimpiada.mat.uson.mx\/web\/?page_id=258\"> [...]<\/a>","protected":false},"author":3,"featured_media":0,"parent":0,"menu_order":0,"comment_status":"closed","ping_status":"closed","template":"","meta":{"footnotes":"","_links_to":"","_links_to_target":""},"_links":{"self":[{"href":"https:\/\/olimpiada.mat.uson.mx\/web\/index.php?rest_route=\/wp\/v2\/pages\/258"}],"collection":[{"href":"https:\/\/olimpiada.mat.uson.mx\/web\/index.php?rest_route=\/wp\/v2\/pages"}],"about":[{"href":"https:\/\/olimpiada.mat.uson.mx\/web\/index.php?rest_route=\/wp\/v2\/types\/page"}],"author":[{"embeddable":true,"href":"https:\/\/olimpiada.mat.uson.mx\/web\/index.php?rest_route=\/wp\/v2\/users\/3"}],"replies":[{"embeddable":true,"href":"https:\/\/olimpiada.mat.uson.mx\/web\/index.php?rest_route=%2Fwp%2Fv2%2Fcomments&post=258"}],"version-history":[{"count":3,"href":"https:\/\/olimpiada.mat.uson.mx\/web\/index.php?rest_route=\/wp\/v2\/pages\/258\/revisions"}],"predecessor-version":[{"id":280,"href":"https:\/\/olimpiada.mat.uson.mx\/web\/index.php?rest_route=\/wp\/v2\/pages\/258\/revisions\/280"}],"wp:attachment":[{"href":"https:\/\/olimpiada.mat.uson.mx\/web\/index.php?rest_route=%2Fwp%2Fv2%2Fmedia&parent=258"}],"curies":[{"name":"wp","href":"https:\/\/api.w.org\/{rel}","templated":true}]}}